{"id":218,"date":"2025-02-01T04:29:55","date_gmt":"2025-02-01T04:29:55","guid":{"rendered":"https:\/\/street-defense.de\/?page_id=218"},"modified":"2025-11-28T21:48:09","modified_gmt":"2025-11-28T21:48:09","slug":"impressum","status":"publish","type":"page","link":"https:\/\/street-defense.de\/index.php\/impressum\/","title":{"rendered":"Impressum"},"content":{"rendered":"\n\n\t<p>Impressum<\/p>\n<p>Angaben gem\u00e4\u00df \u00a7 5 Digitale-Dienste-Gesetz (DDG)<\/p>\n<p><img loading=\"lazy\" decoding=\"async\" src=\"https:\/\/street-defense.de\/wp-content\/uploads\/2025\/11\/FlipSpot-alle-Angaben.png\" alt=\"\" width=\"369\" height=\"355\" \/><\/p>\n<p>Streitbeilegung: Der Verein ist nicht verpflichtet oder willens, an einem Streitbeilegungsverfahren vor einer Verbraucherschlichtungsstelle teilzunehmen.<\/p>\n<p>&#8212;<\/p>\nDatenschutzerkl\u00e4rung<br \/>\nStand: 26.11.2025\n1. Verantwortlicher<br \/>\n<strong>Verantwortlich f\u00fcr die Datenverarbeitung ist:<\/strong>\n<p><img loading=\"lazy\" decoding=\"async\" src=\"https:\/\/street-defense.de\/wp-content\/uploads\/2025\/11\/FlipSpot-alle-Angaben.png\" alt=\"\" width=\"369\" height=\"355\" \/><\/p>\n2. Erhobene Daten<br \/>\nWir erheben und verarbeiten folgende Daten:<br \/>\n&#8211; Technische Daten: IP-Adresse (anonymisiert), Browser-Typ, Betriebssystem, Datum\/Uhrzeit des Zugriffs, besuchte Seiten.<br \/>\n&#8211; Nutzerdaten: Name, E-Mail, [ggf. Adresse, Telefon] &#8211; nur bei Anmeldung zu Kursen, Mitgliedschaft oder Kontaktformular.<br \/>\n&#8211; Cookies: Session-Cookies (bis Sitzungsende), Analyse-Cookies (z. B. Matomo, 26 Monate).\n3. Zweck der Datenverarbeitung<br \/>\n&#8211; Bereitstellung und Optimierung der Website.<br \/>\n&#8211; Analyse des Nutzerverhaltens zur Verbesserung unseres Angebots.<br \/>\n&#8211; Technische Funktionalit\u00e4t und Sicherheit.<br \/>\n&#8211; Abwicklung von Mitgliedschaften, Kursanmeldungen und Kontaktaufnahmen.\n4. Rechtsgrundzeile<br \/>\n&#8211; Einwilligung: Art. 6 Abs. 1 lit. a DSGVO (z. B. Cookies, Newsletter)<br \/>\n&#8211; Berechtigtes Interesse: Art. 6 Abs. 1 lit. f DSGVO (Sicherheit, Analyse)<br \/>\n&#8211; Vertragserf\u00fcllung: Art. 6 Abs. 1 lit. b DSGVO (Mitgliedschaft, Kurse)\n5. Speicherdauer<br \/>\n&#8211; Technische Daten: 7 Tage (Logfiles)<br \/>\n&#8211; Mitgliederdaten: Bis Austritt + 10 Jahre (steuerrechtlich)<br \/>\n&#8211; Cookies: Session-Cookies: bis Sitzungsende; Analyse: 26 Monate\n6. Weitergabe von Daten<br \/>\nIhre Daten werden nur weitergegeben, wenn:<br \/>\n&#8211; gesetzlich vorgeschrieben (z. B. Finanzamt),<br \/>\n&#8211; Sie eingewilligt haben,<br \/>\n&#8211; an Auftragsverarbeiter (z. B. Webhoster mit AV-Vertrag).<br \/>\nKeine \u00dcbermittlung in Drittl\u00e4nder au\u00dferhalb der EU.\n7. Nutzerrechte<br \/>\nSie haben jederzeit das Recht auf:<br \/>\n&#8211; Auskunft (Art. 15 DSGVO)<br \/>\n&#8211; Berichtigung (Art. 16 DSGVO)<br \/>\n&#8211; L\u00f6schung (Art. 17 DSGVO)<br \/>\n&#8211; Einschr\u00e4nkung (Art. 18 DSGVO)<br \/>\n&#8211; Daten\u00fcbertragbarkeit (Art. 20 DSGVO)<br \/>\n&#8211; Widerspruch (Art. 21 DSGVO)<br \/>\n&#8211; Widerruf der Einwilligung (Art. 7 Abs. 3 DSGVO)<br \/>\nKontakt: mail@street-defense.de<br \/>\nBeschwerde bei der Aufsichtsbeh\u00f6rde: [z. B. Bayerisches Landesamt f\u00fcr Datenschutzaufsicht]\n8. Cookies &amp; Analyse<br \/>\nWir nutzen Matomo (lokal gehostet, anonymisiert). Kein Tracking ohne Zustimmung.<br \/>\nCookie-Banner: Zustimmung erforderlich (Opt-in).\n9. Datensicherheit<br \/>\nWir setzen SSL-Verschl\u00fcsselung, Firewalls und regelm\u00e4\u00dfige Updates ein.\n10. \u00c4nderungen<br \/>\nWir behalten uns vor, diese Erkl\u00e4rung anzupassen. Aktuelle Version stets auf der Website.\n<p>&#8212;<\/p>\n<p>Haftungsausschluss<\/p>\nHaftung f\u00fcr Inhalte<br \/>\nDie Inhalte wurden mit gr\u00f6\u00dfter Sorgfalt erstellt. F\u00fcr Richtigkeit, Vollst\u00e4ndigkeit und Aktualit\u00e4t \u00fcbernehmen wir keine Gew\u00e4hr. Als Diensteanbieter sind wir gem\u00e4\u00df \u00a7 7 Abs. 1 DDG f\u00fcr eigene Inhalte verantwortlich. Wir sind nicht verpflichtet, fremde Informationen zu \u00fcberwachen. Bei Bekanntwerden von Rechtsverletzungen entfernen wir diese umgehend.\nHaftung f\u00fcr Links<br \/>\nUnsere Website enth\u00e4lt Links zu externen Seiten. F\u00fcr deren Inhalte \u00fcbernehmen wir keine Haftung. Verlinkte Seiten wurden zum Zeitpunkt der Verlinkung gepr\u00fcft. Bei Bekanntwerden von Rechtsverletzungen entfernen wir den Link sofort.\nUrheberrecht<br \/>\nDie Inhalte unterliegen dem deutschen Urheberrecht. Vervielf\u00e4ltigung, Bearbeitung oder Verbreitung bedarf der schriftlichen Zustimmung. Downloads nur f\u00fcr privaten, nicht-kommerziellen Gebrauch. Fremde Inhalte sind gekennzeichnet. Bei Hinweisen auf Urheberrechtsverletzungen handeln wir umgehend.\n<p>&nbsp;<\/p>\n\n","protected":false},"excerpt":{"rendered":"<p>Impressum Angaben gem\u00e4\u00df \u00a7 5 Digitale-Dienste-Gesetz (DDG) Streitbeilegung: Der Verein ist nicht verpflichtet oder willens, an einem Streitbeilegungsverfahren vor einer Verbraucherschlichtungsstelle teilzunehmen. &#8212; Datenschutzerkl\u00e4rung Stand: 26.11.2025 1. Verantwortlicher Verantwortlich f\u00fcr die Datenverarbeitung ist: 2. Erhobene Daten Wir erheben und verarbeiten folgende Daten: &#8211; Technische Daten: IP-Adresse (anonymisiert), Browser-Typ, Betriebssystem, Datum\/Uhrzeit des Zugriffs, besuchte Seiten. &#8211; &hellip; <a href=\"https:\/\/street-defense.de\/index.php\/impressum\/\" class=\"more-link\"><span class=\"screen-reader-text\">Impressum<\/span> weiterlesen<\/a><\/p>\n","protected":false},"author":1,"featured_media":0,"parent":0,"menu_order":0,"comment_status":"closed","ping_status":"closed","template":"","meta":{"footnotes":""},"class_list":["post-218","page","type-page","status-publish","hentry"],"_links":{"self":[{"href":"https:\/\/street-defense.de\/index.php\/wp-json\/wp\/v2\/pages\/218","targetHints":{"allow":["GET"]}}],"collection":[{"href":"https:\/\/street-defense.de\/index.php\/wp-json\/wp\/v2\/pages"}],"about":[{"href":"https:\/\/street-defense.de\/index.php\/wp-json\/wp\/v2\/types\/page"}],"author":[{"embeddable":true,"href":"https:\/\/street-defense.de\/index.php\/wp-json\/wp\/v2\/users\/1"}],"replies":[{"embeddable":true,"href":"https:\/\/street-defense.de\/index.php\/wp-json\/wp\/v2\/comments?post=218"}],"version-history":[{"count":18,"href":"https:\/\/street-defense.de\/index.php\/wp-json\/wp\/v2\/pages\/218\/revisions"}],"predecessor-version":[{"id":1052,"href":"https:\/\/street-defense.de\/index.php\/wp-json\/wp\/v2\/pages\/218\/revisions\/1052"}],"wp:attachment":[{"href":"https:\/\/street-defense.de\/index.php\/wp-json\/wp\/v2\/media?parent=218"}],"curies":[{"name":"wp","href":"https:\/\/api.w.org\/{rel}","templated":true}]}}