{"id":147,"date":"2025-01-31T21:52:05","date_gmt":"2025-01-31T21:52:05","guid":{"rendered":"https:\/\/street-defense.de\/?page_id=147"},"modified":"2026-02-25T00:20:26","modified_gmt":"2026-02-25T00:20:26","slug":"start","status":"publish","type":"page","link":"https:\/\/street-defense.de\/","title":{"rendered":"Start"},"content":{"rendered":"\n\n\t\t\t\t<img decoding=\"async\" src=\"https:\/\/street-defense.de\/wp-content\/uploads\/2025\/02\/street-defense_logo.png\" alt=\"street-defense_logo\" itemprop=\"image\" height=\"269\" width=\"731\" title=\"street-defense_logo\" onerror=\"this.style.display='none'\" loading=\"lazy\" \/>\n<h2>\n\t\t\tDas m\u00f6chten wir f\u00f6rdern:\t<\/h2>\n<h2>\n\t\t\tStreet-Defense Training in der KTH\t<\/h2>\n\t<h3>\n\t\t\t\t\tSonntags 17:00 Uhr bis 19:00 Uhr\n\t\t\t\t<\/h3>\n\t\t\t<a href=\"https:\/\/street-defense.de\/index.php\/treffpunkte-anfahrt\/\" target=\"_self\">\n\t\t\t\t\t\t\tANFAHRT\n\t\t\t\t\t<\/a>\n\t\t\t<a href=\"https:\/\/street-defense.de\/index.php\/anmeldung\/\" target=\"_self\">\n\t\t\t\t\t\t\tProbetraining\n\t\t\t\t\t<\/a>\n\t\t\t<a href=\"https:\/\/street-defense.de\/index.php\/kontakt\/\" target=\"_self\">\n\t\t\t\t\t\t\tKONTAKT\n\t\t\t\t\t<\/a>\n<h2>\n\t\t\tDas Training in der Kunstturnhalle\t<\/h2>\n\t\t\t\t<a href=\"https:\/\/street-defense.de\/wp-content\/uploads\/2026\/02\/Screenshot-2026-01-28-102445.png\"  target=\"_self\" itemprop=\"url\">\n\t\t\t\t<img decoding=\"async\" src=\"https:\/\/street-defense.de\/wp-content\/uploads\/2026\/02\/Screenshot-2026-01-28-102445.png\" alt=\"Screenshot 2026-01-28 102445\" itemprop=\"image\" height=\"574\" width=\"420\" title=\"Screenshot 2026-01-28 102445\" onerror=\"this.style.display='none'\" loading=\"lazy\" \/>\n\t\t\t\t<\/a>\n<h4>\n\t\t\tKostenloses Probetraining, bitte unten Anmelden!\t<\/h4>\n\t<ul>\n<li>Gro\u00dfe Grube mit Schaumstoff-Schnitzeln<\/li>\n<li>Stangen (Recks) &amp; Ringe \u00fcber der Schnitzelgrube<\/li>\n<li>Riesen-Trampolin \u00fcber der Schnitzelgrube<\/li>\n<li>Lange Trampolinbahn &amp; Tumblingbahn zur Schnitzelgrube<\/li>\n<li>Tumbling Arena &amp; Viele tolle Ger\u00e4te f\u00fcr effizientes Parkour-Training<\/li>\n<li>Das Training findet in 2 gro\u00dfe vollausgestattete Turnhallen statt.<\/li>\n<\/ul>\n\t<p><strong>Probetraining<\/strong> nur mit Anmeldung und anschlie\u00dfender Einladung m\u00f6gliche. Wir informieren Sie per E-Mail!<\/p>\n\t\t\t<a href=\"https:\/\/street-defense.de\/index.php\/anmeldung\/\" target=\"_self\">\n\t\t\t\t\t\t\tZUM PROBETRAINING\n\t\t\t\t\t<\/a>\n<h4>\n\t\t\tWas ist Street-Defense?\t<\/h4>\n\t<p><strong>Unser Training<\/strong> kombiniert k\u00f6rperliche und mentale Selbstverteidigung mit Parkour und Akrobatik. Wir sind \u00fcberzeugt, dass dies nicht nur die k\u00f6rperliche Fitness, sondern auch das Selbstbewusstsein der Teilnehmer st\u00e4rkt und wichtige soziale Kompetenzen f\u00f6rdert. Wir bieten das Street-Defense Training an, damit es den Kindern und Jugendlichen aus der Region zugutekommt und ihnen hilft, sich in ihrer Umgebung positiv zu entwickeln.<\/p>\n<h3>Pr\u00fcfungen:<\/h3>\n<p>Die fortlaufende Entwicklung der Sch\u00fcler wird durch regelm\u00e4\u00dfige <strong>Pr\u00fcfungen<\/strong> dokumentiert. F\u00fcr jede Pr\u00fcfung werden erlernte F\u00e4higkeiten aus den Bereichen k\u00f6rperliche- und psychische Selbstverteidigung, Geschicklichkeit, Parkour und Akrobatik getestet. Zus\u00e4tzlich wird ab dem schwarzen Shirt eine <strong>Trainer-Urkunde<\/strong> \u00fcbergeben, wodurch der Teilnehmer offiziell als <strong>Street-Defense<\/strong> Trainer anerkannt wird. Im Besitz der Trainer-Urkunde kann das Street-Defense Konzept \u00fcbernommen werden, um es nach den Regeln weiter zu verbreiten.<\/p>\n<h4>Dies ist unser Pr\u00fcfungskonzept:<\/h4>\n\t<p>Zu jeder <strong>bestandenen Pr\u00fcfung<\/strong> gibt es ein farbiges Street-Defense T-Shirt. In der aufsteigenden Farbenrangfolge: Weiss &gt; Gelb &gt; Orange &gt; Gr\u00fcn &gt; Rot &gt; Schwarz.<\/p>\n\t<p>Ab dem roten Shirt, darf <strong>kostenlos<\/strong> an einem freien <strong>zusatz Training<\/strong> f\u00fcr Fortgeschrittene teilgenommen werden.<\/p>\n<h3>Trainingsablauf:<\/h3>\n<p>Die Kurseinheit beginnt damit, den K\u00f6rper zu lockern, <strong>aufzuw\u00e4rmen und zu Dehnen.\u00a0<\/strong> Weiter folgt die Stabilisation des K\u00f6rpers durch ausgew\u00e4hlten Kraft\u00fcbungen.<\/p>\n<p>Anschlie\u00dfend wird <strong>praxisnahes Selbstverteidigungstraining<\/strong>, kombiniert mit psychischem Situation-Training nahe gebracht.<\/p>\n<p><strong>Im Mittelpunkt<\/strong> des Street-Defense-Trainings steht<strong> Parkour<\/strong> und <strong>Akrobatik<\/strong> f\u00fcr Anf\u00e4nger bis hin zu Fortgeschrittenen. In Notsituationen kann durch erlernte Reaktion und Koordination vor k\u00f6rperlichem Schaden bewahrt werden. Ebenfalls kann dies bei einer notwendigen Flucht den entscheidenden Vorteil bringen, daher ist dies ein Hauptbestandteil unseres Trainings.<\/p>\n<p>Ein weiterer Teil ist <strong>das freie Training<\/strong>, in welchem eigene M\u00f6glichkeiten ausgetestet werden k\u00f6nnen. Hierbei stehen die Trainer weiterhin aktiv zur Verf\u00fcgung und k\u00f6nnen individuell auf die einzelnen Teilnehmer eingehen.<\/p>\n\t\t\t<a href=\"https:\/\/street-defense.de\/index.php\/anmeldung\/\" target=\"_self\">\n\t\t\t\t\t\t\tZUM PROBETRAINING\n\t\t\t\t\t<\/a>\n<h2>\n\t\t\tSch\u00fcler &#038; Trainer\t<\/h2>\n\t<p>Ein Pr\u00e4sentationsvideo von Sch\u00fclern und dem Haupttrainer in der Kunstturnhalle Herbolzheim. Training macht Spa\u00df \ud83d\ude42<\/p>\n\t\t<meta itemprop=\"url\" content=\"https:\/\/street-defense.de\/wp-content\/uploads\/2025\/11\/schueler-trainer_demo_V2.mp4\" \/><div style=\"width: 640px;\" class=\"wp-video\"><video class=\"wp-video-shortcode\" id=\"video-147-1\" width=\"640\" height=\"360\" poster=\"https:\/\/street-defense.de\/wp-content\/uploads\/2025\/11\/2025-10-05-17-13-15-818-scaled-e1763002789727.jpg\" preload=\"none\" controls=\"controls\"><source type=\"video\/mp4\" src=\"https:\/\/street-defense.de\/wp-content\/uploads\/2025\/11\/schueler-trainer_demo_V2.mp4?_=1\" \/><source type=\"video\/mp4\" src=\"https:\/\/street-defense.de\/wp-content\/uploads\/2025\/11\/schueler-trainer_demo_V2.mp4?_=1\" \/><a href=\"https:\/\/street-defense.de\/wp-content\/uploads\/2025\/11\/schueler-trainer_demo_V2.mp4\">https:\/\/street-defense.de\/wp-content\/uploads\/2025\/11\/schueler-trainer_demo_V2.mp4<\/a><\/video><\/div>\t\n<h2>\n\t\t\tHaupttrainer\t<\/h2>\n\t<p>Ein weiteres Video des Haupttrainers in der KTH Herbolzheim.<\/p>\n\t\t<meta itemprop=\"url\" content=\"https:\/\/street-defense.de\/wp-content\/uploads\/2025\/11\/KTH-Trainer_V2.mp4\" \/><div style=\"width: 640px;\" class=\"wp-video\"><video class=\"wp-video-shortcode\" id=\"video-147-2\" width=\"640\" height=\"360\" poster=\"https:\/\/street-defense.de\/wp-content\/uploads\/2025\/05\/KTH-Herbolzheim_3.jpg\" preload=\"none\" controls=\"controls\"><source type=\"video\/mp4\" src=\"https:\/\/street-defense.de\/wp-content\/uploads\/2025\/11\/KTH-Trainer_V2.mp4?_=2\" \/><source type=\"video\/mp4\" src=\"https:\/\/street-defense.de\/wp-content\/uploads\/2025\/11\/KTH-Trainer_V2.mp4?_=2\" \/><a href=\"https:\/\/street-defense.de\/wp-content\/uploads\/2025\/11\/KTH-Trainer_V2.mp4\">https:\/\/street-defense.de\/wp-content\/uploads\/2025\/11\/KTH-Trainer_V2.mp4<\/a><\/video><\/div>\t\n\t<p><strong>Das ist unser Ziel:<\/strong><\/p>\n<p>Erlernen von <strong>Ausdauer, Reaktion, Kraft, Wahrnehmung, Koordination sowie Disziplin und Teamgeist<\/strong> zu erm\u00f6glichen.\u00a0<strong>Unser Team<\/strong> besteht aus 3 Trainern: Steffi (Physiotherapeutin), Jakob (\u00fcber 20 Jahren Erfahrung) und Tom (Trainerassistent).<\/p>\n<p>Wir freuen uns auf sch\u00f6ne Trainingszeiten mit euch!<\/p>\n<p>Viele Gr\u00fc\u00dfe vom <strong>Street-Defense Team<\/strong>.<\/p>\n\t\t\t<a href=\"https:\/\/street-defense.de\/index.php\/anmeldung\/\" target=\"_self\">\n\t\t\t\t\t\t\tZUM PROBETRAINING\n\t\t\t\t\t<\/a>\n\n","protected":false},"excerpt":{"rendered":"<p>Das m\u00f6chten wir f\u00f6rdern: Street-Defense Training in der KTH Sonntags 17:00 Uhr bis 19:00 Uhr ANFAHRT Probetraining KONTAKT Das Training in der Kunstturnhalle Kostenloses Probetraining, bitte unten Anmelden! Gro\u00dfe Grube mit Schaumstoff-Schnitzeln Stangen (Recks) &amp; Ringe \u00fcber der Schnitzelgrube Riesen-Trampolin \u00fcber der Schnitzelgrube Lange Trampolinbahn &amp; Tumblingbahn zur Schnitzelgrube Tumbling Arena &amp; Viele tolle Ger\u00e4te &hellip; <a href=\"https:\/\/street-defense.de\/\" class=\"more-link\"><span class=\"screen-reader-text\">Start<\/span> weiterlesen<\/a><\/p>\n","protected":false},"author":1,"featured_media":0,"parent":0,"menu_order":0,"comment_status":"closed","ping_status":"closed","template":"","meta":{"footnotes":""},"class_list":["post-147","page","type-page","status-publish","hentry"],"_links":{"self":[{"href":"https:\/\/street-defense.de\/index.php\/wp-json\/wp\/v2\/pages\/147","targetHints":{"allow":["GET"]}}],"collection":[{"href":"https:\/\/street-defense.de\/index.php\/wp-json\/wp\/v2\/pages"}],"about":[{"href":"https:\/\/street-defense.de\/index.php\/wp-json\/wp\/v2\/types\/page"}],"author":[{"embeddable":true,"href":"https:\/\/street-defense.de\/index.php\/wp-json\/wp\/v2\/users\/1"}],"replies":[{"embeddable":true,"href":"https:\/\/street-defense.de\/index.php\/wp-json\/wp\/v2\/comments?post=147"}],"version-history":[{"count":11,"href":"https:\/\/street-defense.de\/index.php\/wp-json\/wp\/v2\/pages\/147\/revisions"}],"predecessor-version":[{"id":1150,"href":"https:\/\/street-defense.de\/index.php\/wp-json\/wp\/v2\/pages\/147\/revisions\/1150"}],"wp:attachment":[{"href":"https:\/\/street-defense.de\/index.php\/wp-json\/wp\/v2\/media?parent=147"}],"curies":[{"name":"wp","href":"https:\/\/api.w.org\/{rel}","templated":true}]}}