{"id":125,"date":"2025-01-31T21:41:14","date_gmt":"2025-01-31T21:41:14","guid":{"rendered":"https:\/\/street-defense.de\/?page_id=125"},"modified":"2025-11-28T21:52:33","modified_gmt":"2025-11-28T21:52:33","slug":"links-infos","status":"publish","type":"page","link":"https:\/\/street-defense.de\/index.php\/links-infos\/","title":{"rendered":"Links &#038; Infos"},"content":{"rendered":"\n\n\t<h3>NEUIGKEITEN<strong> RUND UMS TRAINING:<\/strong><\/h3>\n<p>Das <strong>Training<\/strong> findet <strong>jeden Sonntag<\/strong> von 17 &#8211; 19 Uhr statt!<\/p>\n\t<p><strong>F\u00fcr das Training wird folgende Ausr\u00fcstung ben\u00f6tigt:<\/strong><\/p>\n<p><a href=\"https:\/\/rdxsports.de\/products\/f6-kara-mma-sparring-handschuhe-7oz\" target=\"_blank\" rel=\"noopener\">Boxhandschuhe &#8211; RDX F6 KARA MMA<\/a><\/p>\n<p><a href=\"https:\/\/rdxsports.eu\/products\/f6-kara-groin-guard?variant=46584947573029\" target=\"_blank\" rel=\"noopener\">Tiefschutz<\/a> frei w\u00e4hlbar!<\/p>\n<p>Mundschutz frei w\u00e4hlbar!<\/p>\n\t\t\t<a href=\"https:\/\/street-defense.de\/wp-content\/uploads\/2025\/11\/Mitgliedsantrag_FlipSpot-eV_Street-Defense-KTH_So17-19Uhr.pdf\" target=\"_blank\" rel=\"noopener\">\n\t\t\t\t\t\tDownload Teilnehmer-Antrag Street-Defense KTH Sonntag\n\t\t\t\t\t<\/a>\n\t\t\t<a href=\"https:\/\/street-defense.de\/index.php\/anmeldung\/#Aufnahme\" target=\"_self\">\n\t\t\t\t\t\tFeste Aufnahme im Training &#038; Preise\n\t\t\t\t\t<\/a>\n\t\t\t<a href=\"https:\/\/street-defense.de\/index.php\/impressum\/\" target=\"_self\">\n\t\t\t\t\t\tImpressum &#038; Datenschutz\n\t\t\t\t\t<\/a>\n\n","protected":false},"excerpt":{"rendered":"<p>NEUIGKEITEN RUND UMS TRAINING: Das Training findet jeden Sonntag von 17 &#8211; 19 Uhr statt! F\u00fcr das Training wird folgende Ausr\u00fcstung ben\u00f6tigt: Boxhandschuhe &#8211; RDX F6 KARA MMA Tiefschutz frei w\u00e4hlbar! Mundschutz frei w\u00e4hlbar! Download Teilnehmer-Antrag Street-Defense KTH Sonntag Feste Aufnahme im Training &#038; Preise Impressum &#038; Datenschutz<\/p>\n","protected":false},"author":1,"featured_media":0,"parent":0,"menu_order":0,"comment_status":"closed","ping_status":"closed","template":"","meta":{"footnotes":""},"class_list":["post-125","page","type-page","status-publish","hentry"],"_links":{"self":[{"href":"https:\/\/street-defense.de\/index.php\/wp-json\/wp\/v2\/pages\/125","targetHints":{"allow":["GET"]}}],"collection":[{"href":"https:\/\/street-defense.de\/index.php\/wp-json\/wp\/v2\/pages"}],"about":[{"href":"https:\/\/street-defense.de\/index.php\/wp-json\/wp\/v2\/types\/page"}],"author":[{"embeddable":true,"href":"https:\/\/street-defense.de\/index.php\/wp-json\/wp\/v2\/users\/1"}],"replies":[{"embeddable":true,"href":"https:\/\/street-defense.de\/index.php\/wp-json\/wp\/v2\/comments?post=125"}],"version-history":[{"count":29,"href":"https:\/\/street-defense.de\/index.php\/wp-json\/wp\/v2\/pages\/125\/revisions"}],"predecessor-version":[{"id":1055,"href":"https:\/\/street-defense.de\/index.php\/wp-json\/wp\/v2\/pages\/125\/revisions\/1055"}],"wp:attachment":[{"href":"https:\/\/street-defense.de\/index.php\/wp-json\/wp\/v2\/media?parent=125"}],"curies":[{"name":"wp","href":"https:\/\/api.w.org\/{rel}","templated":true}]}}