{"id":121,"date":"2025-01-31T21:41:14","date_gmt":"2025-01-31T21:41:14","guid":{"rendered":"https:\/\/street-defense.de\/?page_id=121"},"modified":"2026-02-25T00:26:11","modified_gmt":"2026-02-25T00:26:11","slug":"anmeldung","status":"publish","type":"page","link":"https:\/\/street-defense.de\/index.php\/anmeldung\/","title":{"rendered":"Anmeldung"},"content":{"rendered":"\n<h2>\n\t\t\tAnfrage zum Probetraining in der Kunstturnhalle Herbolzheim\t<\/h2>\n<h5>\n\t\t\tDAS TRAINING IST IN DER SOMMERPAUSE BIS OKTOBER. MIT DIESEM FORMULAR JETZT EINEN PLATZ RESERVIEREN.\t<\/h5>\n\t\t<p><strong>Unverbindliches Probetraining: <\/strong><\/p>\n<p>Jede Person hat die M\u00f6glichkeit, zwei Mal an einem Probetraining teilzunehmen. Nach dem ersten kostenlosen Probetraining wird f\u00fcr das folgende eine Pauschale von 10 Euro als Aufwandsentsch\u00e4digung erhoben.<\/p>\n\t\n<div class=\"wpcf7 no-js\" id=\"wpcf7-f119-o1\" lang=\"de-DE\" dir=\"ltr\" data-wpcf7-id=\"119\">\n<div class=\"screen-reader-response\"><p role=\"status\" aria-live=\"polite\" aria-atomic=\"true\"><\/p> <ul><\/ul><\/div>\n<form action=\"\/index.php\/wp-json\/wp\/v2\/pages\/121#wpcf7-f119-o1\" method=\"post\" class=\"wpcf7-form init\" aria-label=\"Kontaktformular\" novalidate=\"novalidate\" data-status=\"init\">\n<fieldset class=\"hidden-fields-container\"><input type=\"hidden\" name=\"_wpcf7\" value=\"119\" \/><input type=\"hidden\" name=\"_wpcf7_version\" value=\"6.1.4\" \/><input type=\"hidden\" name=\"_wpcf7_locale\" value=\"de_DE\" \/><input type=\"hidden\" name=\"_wpcf7_unit_tag\" value=\"wpcf7-f119-o1\" \/><input type=\"hidden\" name=\"_wpcf7_container_post\" value=\"0\" \/><input type=\"hidden\" name=\"_wpcf7_posted_data_hash\" value=\"\" \/>\n<\/fieldset>\n<p><label> Vorname, Nachname:<\/label><br \/>\n<span class=\"wpcf7-form-control-wrap\" data-name=\"your-name\"><input size=\"40\" maxlength=\"400\" class=\"wpcf7-form-control wpcf7-text wpcf7-validates-as-required feld\" autocomplete=\"name\" aria-required=\"true\" aria-invalid=\"false\" value=\"\" type=\"text\" name=\"your-name\" \/><\/span>\n<\/p>\n<p><span class=\"wpcf7-form-control-wrap\" data-name=\"your-subject\"><input size=\"40\" maxlength=\"400\" class=\"wpcf7-form-control wpcf7-text flamingo-name\" aria-invalid=\"false\" value=\"\" type=\"text\" name=\"your-subject\" \/><\/span>\n<\/p>\n<p><label> E-Mail-Adresse:<\/label><br \/>\n<span class=\"wpcf7-form-control-wrap\" data-name=\"your-email\"><input size=\"40\" maxlength=\"400\" class=\"wpcf7-form-control wpcf7-email wpcf7-validates-as-required wpcf7-text wpcf7-validates-as-email feld\" autocomplete=\"email\" aria-required=\"true\" aria-invalid=\"false\" value=\"\" type=\"email\" name=\"your-email\" \/><\/span>\n<\/p>\n<p><label> Telefonnummer bei Abwesenheit:<\/label><br \/>\n<span class=\"wpcf7-form-control-wrap\" data-name=\"tel-147\"><input size=\"40\" maxlength=\"400\" minlength=\"6\" class=\"wpcf7-form-control wpcf7-tel wpcf7-text wpcf7-validates-as-tel feld\" aria-invalid=\"false\" value=\"\" type=\"tel\" name=\"tel-147\" \/><\/span>\n<\/p>\n<p><label>Alter:&nbsp;&nbsp;&nbsp;<\/label><span class=\"wpcf7-form-control-wrap\" data-name=\"your-age\"><input size=\"40\" maxlength=\"400\" class=\"wpcf7-form-control wpcf7-text wpcf7-validates-as-required alter\" aria-required=\"true\" aria-invalid=\"false\" value=\"\" type=\"text\" name=\"your-age\" \/><\/span>\n<\/p>\n<p><label> Wie sind Sie auf uns aufmerksam geworden?<\/label><br \/>\n<span class=\"wpcf7-form-control-wrap\" data-name=\"marketing\"><span class=\"wpcf7-form-control wpcf7-checkbox wpcf7-exclusive-checkbox\"><span class=\"wpcf7-list-item first\"><input type=\"checkbox\" name=\"marketing\" value=\"Flyer\" \/><span class=\"wpcf7-list-item-label\">Flyer<\/span><\/span><span class=\"wpcf7-list-item\"><input type=\"checkbox\" name=\"marketing\" value=\"Soziale Medien\" \/><span class=\"wpcf7-list-item-label\">Soziale Medien<\/span><\/span><span class=\"wpcf7-list-item last\"><input type=\"checkbox\" name=\"marketing\" value=\"Pers\u00f6nliche Empfehlung\" \/><span class=\"wpcf7-list-item-label\">Pers\u00f6nliche Empfehlung<\/span><\/span><\/span><\/span>\n<\/p>\n<p><span class=\"wpcf7-form-control-wrap\" data-name=\"quiz-137\"><label><span class=\"wpcf7-quiz-label\">2 + 2<\/span> <input size=\"40\" class=\"wpcf7-form-control wpcf7-quiz quizz\" autocomplete=\"off\" aria-required=\"true\" aria-invalid=\"false\" type=\"text\" name=\"quiz-137\" \/><\/label><input type=\"hidden\" name=\"_wpcf7_quiz_answer_quiz-137\" value=\"278dd0595c09603adcfccf6d0dbf638a\" \/><\/span><label>&nbsp;&nbsp;<< &nbsp;Bitte das Ergebnis als Spamschutz eintragen.<br \/>\n<\/label>\n<\/p>\n<p><span class=\"wpcf7-form-control-wrap\" data-name=\"acceptance-793\"><span class=\"wpcf7-form-control wpcf7-acceptance\"><span class=\"wpcf7-list-item\"><label><input type=\"checkbox\" name=\"acceptance-793\" value=\"1\" class=\"checkbox\" aria-invalid=\"false\" \/><span class=\"wpcf7-list-item-label\">Hiermit best\u00e4tige ich die <a href=\"https:\/\/street-defense.de\/index.php\/impressum\/#Datenschutz\" target=\"blanc\" class:link;>Datenschutzbestimmungen<\/a><\/span><\/label><\/span><\/span><\/span>\n<\/p>\n<p><span id=\"wpcf7-69fc86fcd560f-wrapper\" class=\"wpcf7-form-control-wrap honeypot-251-wrap\" ><input type=\"hidden\" name=\"honeypot-251-time-start\" value=\"1778157308\"><input type=\"hidden\" name=\"honeypot-251-time-check\" value=\"20\"><label for=\"wpcf7-69fc86fcd560f-field\" class=\"hp-message\">Bitte lasse dieses Feld leer.<\/label><input id=\"wpcf7-69fc86fcd560f-field\"  placeholder=\"Antwort\"  class=\"wpcf7-form-control wpcf7-text\" type=\"text\" name=\"honeypot-251\" value=\"\" size=\"40\" tabindex=\"-1\" autocomplete=\"off\" \/><\/span>\n<\/p>\n<p><label><input class=\"wpcf7-form-control wpcf7-submit has-spinner\" type=\"submit\" value=\"ANFRAGE ZUM PROBETRAINING\" \/><\/label>\n<\/p><p style=\"display: none !important;\" class=\"akismet-fields-container\" data-prefix=\"_wpcf7_ak_\"><label>&#916;<textarea name=\"_wpcf7_ak_hp_textarea\" cols=\"45\" rows=\"8\" maxlength=\"100\"><\/textarea><\/label><input type=\"hidden\" id=\"ak_js_1\" name=\"_wpcf7_ak_js\" value=\"195\"\/><script>document.getElementById( \"ak_js_1\" ).setAttribute( \"value\", ( new Date() ).getTime() );<\/script><\/p><div class=\"wpcf7-response-output\" aria-hidden=\"true\"><\/div>\n<\/form>\n<\/div>\n\n<h3>\n\t\t\tDas Probetraining ist kostenlos, es gibt keine Verpflichtungen!\t<\/h3>\n\t<p>Falls Sie keine E-Mail erhalten sollten, pr\u00fcfen Sie bitte den Spam-Ordner Ihres Email-Accounts und kontaktieren Sie uns bitte \u00fcber das\u00a0 <a href=\"https:\/\/street-defense.de\/index.php\/kontakt\/\">Kontaktformular<\/a>.<\/p>\n\t<p><strong>\u00a0Feste Aufnahme im Training<\/strong><\/p>\n<ul>\n<li>\u00a0\u00a0\u00a0 Monatliche Zahlungsweise: 60 Euro<\/li>\n<li>\u00a0\u00a0\u00a0 Halbj\u00e4hrliche Zahlungsweise: 55 Euro monatlich<\/li>\n<li>\u00a0\u00a0\u00a0 Erm\u00e4\u00dfigter monatlicher Beitrag*: 45 Euro<br \/>\n<\/li>\n<\/ul>\n<p>* August 2025 ist Beitragsfrei. Mindestlaufzeit 6 Monate, 1 Monat K\u00fcndigungsfrist. Voraussetzungen f\u00fcr eine Erm\u00e4\u00dfigung: Geringes Einkommen oder Geschwister-Anmeldung.<\/p>\n\t<p>Nach dem Probetraining \u00fcberreichen wir den Teilnehmern das Anmeldeformular zur festen Aufnahme im Street-Defense Training. Bei Interesse bitte ausgef\u00fcllt zum n\u00e4chsten Training mitbringen.<\/p>\n<p>Sie k\u00f6nnen jedoch auch \u00fcber den Link &#8222;PDF Anmeldung Teilnehmer&#8220; weiter unten, hier bereits die Anmeldung herunter laden und zum Probetraining mitbringen. Ein freier Platz im Training kann erst durch Abgabe eines vollst\u00e4ndig ausgef\u00fcllten Formulares an einen Trainer zugesichert werden. Sollte sich die Situation der Teilnehmerbelegung zwischenzeitlich \u00e4ndern, k\u00f6nnen wir leider nicht f\u00fcr eine Aufnahme garantieren!<\/p>\n\t<p><a href=\"https:\/\/street-defense.de\/index.php\/links-infos\/\">Hier finden Sie die ben\u00f6tigten Ausr\u00fcstung f\u00fcr das feste Training<\/a><\/p>\n<h6>\n\t\t\tHier finden Sie das Anmeldeformular zur festen Aufnahme in das Training:\t<\/h6>\n\t\t\t<a href=\"https:\/\/street-defense.de\/wp-content\/uploads\/2025\/11\/Mitgliedsantrag_FlipSpot-eV_Street-Defense-KTH_So17-19Uhr.pdf\" target=\"_blank\" rel=\"noopener\">\n\t\t\t\t\t\t\tPDF Anmeldung Teilnehmer\n\t\t\t\t\t<\/a>\n\n","protected":false},"excerpt":{"rendered":"<p>Anfrage zum Probetraining in der Kunstturnhalle Herbolzheim DAS TRAINING IST IN DER SOMMERPAUSE BIS OKTOBER. MIT DIESEM FORMULAR JETZT EINEN PLATZ RESERVIEREN. Unverbindliches Probetraining: Jede Person hat die M\u00f6glichkeit, zwei Mal an einem Probetraining teilzunehmen. Nach dem ersten kostenlosen Probetraining wird f\u00fcr das folgende eine Pauschale von 10 Euro als Aufwandsentsch\u00e4digung erhoben. Das Probetraining ist &hellip; <a href=\"https:\/\/street-defense.de\/index.php\/anmeldung\/\" class=\"more-link\"><span class=\"screen-reader-text\">Anmeldung<\/span> weiterlesen<\/a><\/p>\n","protected":false},"author":1,"featured_media":0,"parent":0,"menu_order":0,"comment_status":"closed","ping_status":"closed","template":"","meta":{"footnotes":""},"class_list":["post-121","page","type-page","status-publish","hentry"],"_links":{"self":[{"href":"https:\/\/street-defense.de\/index.php\/wp-json\/wp\/v2\/pages\/121","targetHints":{"allow":["GET"]}}],"collection":[{"href":"https:\/\/street-defense.de\/index.php\/wp-json\/wp\/v2\/pages"}],"about":[{"href":"https:\/\/street-defense.de\/index.php\/wp-json\/wp\/v2\/types\/page"}],"author":[{"embeddable":true,"href":"https:\/\/street-defense.de\/index.php\/wp-json\/wp\/v2\/users\/1"}],"replies":[{"embeddable":true,"href":"https:\/\/street-defense.de\/index.php\/wp-json\/wp\/v2\/comments?post=121"}],"version-history":[{"count":12,"href":"https:\/\/street-defense.de\/index.php\/wp-json\/wp\/v2\/pages\/121\/revisions"}],"predecessor-version":[{"id":1151,"href":"https:\/\/street-defense.de\/index.php\/wp-json\/wp\/v2\/pages\/121\/revisions\/1151"}],"wp:attachment":[{"href":"https:\/\/street-defense.de\/index.php\/wp-json\/wp\/v2\/media?parent=121"}],"curies":[{"name":"wp","href":"https:\/\/api.w.org\/{rel}","templated":true}]}}